{"id":941,"date":"2019-09-16T11:00:44","date_gmt":"2019-09-16T11:00:44","guid":{"rendered":"http:\/\/lavanthe.de\/?page_id=941"},"modified":"2019-10-20T10:16:32","modified_gmt":"2019-10-20T10:16:32","slug":"video","status":"publish","type":"page","link":"https:\/\/lavanthe.de\/index.php\/video\/","title":{"rendered":"Video"},"content":{"rendered":"\n<p><\/p>\n\n\n\nB\u00fclb\u00fcl\u00fcm Alt\u0131n Kafeste (Selanik T\u00fcrk\u00fcs\u00fc)\n<iframe loading=\"lazy\" title=\"B\u00fclb\u00fcl\u00fcm Alt\u0131n Kafeste (Selanik T\u00fcrk\u00fcs\u00fc)\" width=\"525\" height=\"295\" src=\"https:\/\/www.youtube.com\/embed\/uac7equ0zEs?feature=oembed\" frameborder=\"0\" allow=\"accelerometer; autoplay; clipboard-write; encrypted-media; gyroscope; picture-in-picture; web-share\" referrerpolicy=\"strict-origin-when-cross-origin\" allowfullscreen><\/iframe>\n\n\n\nBen giderim Batum&#8217;a\nhttps:\/\/youtu.be\/k3v0Z3WYhH4\n\n\n\nRodos Semah\u0131\n<iframe loading=\"lazy\" title=\"Rodos Semah\u0131 (Ay\u0131plar\u0131m g\u00f6n\u00fcl seni)\" width=\"525\" height=\"295\" src=\"https:\/\/www.youtube.com\/embed\/fEvjURyxcmc?feature=oembed\" frameborder=\"0\" allow=\"accelerometer; autoplay; clipboard-write; encrypted-media; gyroscope; picture-in-picture; web-share\" referrerpolicy=\"strict-origin-when-cross-origin\" allowfullscreen><\/iframe>\n","protected":false},"excerpt":{"rendered":"<p>B\u00fclb\u00fcl\u00fcm Alt\u0131n Kafeste (Selanik T\u00fcrk\u00fcs\u00fc) Ben giderim Batum&#8217;a https:\/\/youtu.be\/k3v0Z3WYhH4 Rodos Semah\u0131<\/p>\n","protected":false},"author":3,"featured_media":0,"parent":0,"menu_order":0,"comment_status":"closed","ping_status":"closed","template":"","meta":{"footnotes":""},"class_list":["post-941","page","type-page","status-publish","hentry"],"_links":{"self":[{"href":"https:\/\/lavanthe.de\/index.php\/wp-json\/wp\/v2\/pages\/941","targetHints":{"allow":["GET"]}}],"collection":[{"href":"https:\/\/lavanthe.de\/index.php\/wp-json\/wp\/v2\/pages"}],"about":[{"href":"https:\/\/lavanthe.de\/index.php\/wp-json\/wp\/v2\/types\/page"}],"author":[{"embeddable":true,"href":"https:\/\/lavanthe.de\/index.php\/wp-json\/wp\/v2\/users\/3"}],"replies":[{"embeddable":true,"href":"https:\/\/lavanthe.de\/index.php\/wp-json\/wp\/v2\/comments?post=941"}],"version-history":[{"count":1,"href":"https:\/\/lavanthe.de\/index.php\/wp-json\/wp\/v2\/pages\/941\/revisions"}],"predecessor-version":[{"id":981,"href":"https:\/\/lavanthe.de\/index.php\/wp-json\/wp\/v2\/pages\/941\/revisions\/981"}],"wp:attachment":[{"href":"https:\/\/lavanthe.de\/index.php\/wp-json\/wp\/v2\/media?parent=941"}],"curies":[{"name":"wp","href":"https:\/\/api.w.org\/{rel}","templated":true}]}}